{"id":11610,"date":"2019-08-27T08:51:48","date_gmt":"2019-08-27T06:51:48","guid":{"rendered":"https:\/\/www.blackandyum.de\/shop\/produkt\/antigua-guatemala\/"},"modified":"2026-04-02T12:13:50","modified_gmt":"2026-04-02T10:13:50","slug":"antigua-guatemala","status":"publish","type":"product","link":"\/shop\/produkt\/antigua-guatemala\/","title":{"rendered":"Guatemala Disfrute"},"content":{"rendered":"<p><strong>Guatemala Disfrute:<\/strong> &#8222;Disfrute&#8220; bedeutet \u00fcbersetzt Genuss, Freude und Vergn\u00fcgen. Aus dem legend\u00e4ren Anbaugebiet Antigua stammt dieser tolle Vertreter der ber\u00fchmten, f\u00fcr Guatemala typisch edelbitterschokoladenen Spitzenkaffeequalit\u00e4t. Seine Aromen erinnern an feine dunkle Schokolade, Karamell mit einem Hauch von s\u00fc\u00dfen Kr\u00e4utern; sein sch\u00f6nes S\u00e4ure-S\u00fc\u00dfe-Spiel \u00e4hnelt dem der Nektarine.<\/p>\n<p><strong>Ursprung: <\/strong>Guatemala, Region Antigua<br \/>\n<strong>Produzentin:<\/strong> Diverse Kaffeefarmer der Region<br \/>\n<strong>Anbauh\u00f6he:<\/strong> 1.500 M.\u00fc.NN<br \/>\n<strong>Variet\u00e4t:<\/strong> Bourbon, Catua\u00ed<br \/>\n<strong>Bearbeitung:<\/strong> Handgepfl\u00fcckt; nasse Aufbereitung<br \/>\n<strong>Import:<\/strong> <em><strong>transparent \u00fcber Spezialit\u00e4tenkaffee-Importeur<\/strong><\/em><\/p>\n<p>Das Antigua-Tal ist eine der ber\u00fchmtesten Kaffeeanbauregionen Guatemalas. Es liegt im zentralen Hochland des Landes, umgeben von drei Vulkanen &#8211; Agua, Fuego und Acatenango -, die der Region ihren Namen \u201eLos Volcanes\u201c geben.<em><strong><br \/>\n<\/strong><\/em><\/p>\n","protected":false},"excerpt":{"rendered":"<p><strong>Guatemala Disfrute:<\/strong> &#8222;Disfrute&#8220; bedeutet \u00fcbersetzt Genuss, Freude und Vergn\u00fcgen. Ein gro\u00dfartiger Vertreter der ber\u00fchmten, f\u00fcr Guatemala typisch edelbitterschokoladenen Spitzenkaffeequalit\u00e4t. Seine Aromen erinnern an feine dunkle Schokolade, Karamell mit einem Hauch von s\u00fc\u00dfen Kr\u00e4utern; sein sch\u00f6nes S\u00e4ure-S\u00fc\u00dfe-Spiel \u00e4hnelt dem der Nektarine.<\/p>\n","protected":false},"featured_media":6485,"template":"","meta":{"_acf_changed":false},"product_brand":[],"product_cat":[372],"product_tag":[],"class_list":{"0":"post-11610","1":"product","2":"type-product","3":"status-publish","4":"has-post-thumbnail","6":"product_cat-black-and-yum-kaffee-auswahl","7":"product_shipping_class-roestkaffees","8":"pa_gewicht-1-000g","9":"pa_gewicht-250g","10":"pa_gewicht-500g","11":"pa_mahlgrad-chemex-karaffe","12":"pa_mahlgrad-filterkaffeemaschine","13":"pa_mahlgrad-french-press-bodum-kanne","14":"pa_mahlgrad-ganze-bohne","15":"pa_mahlgrad-handfilteraufguss","16":"pa_mahlgrad-karlsbader-kanne","17":"pa_mahlgrad-soft-brew-kanne","19":"first","20":"instock","21":"taxable","22":"shipping-taxable","23":"purchasable","24":"product-type-variable"},"acf":[],"_links":{"self":[{"href":"\/shop\/wp-json\/wp\/v2\/product\/11610","targetHints":{"allow":["GET"]}}],"collection":[{"href":"\/shop\/wp-json\/wp\/v2\/product"}],"about":[{"href":"\/shop\/wp-json\/wp\/v2\/types\/product"}],"wp:featuredmedia":[{"embeddable":true,"href":"\/shop\/wp-json\/wp\/v2\/media\/6485"}],"wp:attachment":[{"href":"\/shop\/wp-json\/wp\/v2\/media?parent=11610"}],"wp:term":[{"taxonomy":"product_brand","embeddable":true,"href":"\/shop\/wp-json\/wp\/v2\/product_brand?post=11610"},{"taxonomy":"product_cat","embeddable":true,"href":"\/shop\/wp-json\/wp\/v2\/product_cat?post=11610"},{"taxonomy":"product_tag","embeddable":true,"href":"\/shop\/wp-json\/wp\/v2\/product_tag?post=11610"}],"curies":[{"name":"wp","href":"https:\/\/api.w.org\/{rel}","templated":true}]}}