{"id":11612,"date":"2019-08-27T08:52:57","date_gmt":"2019-08-27T06:52:57","guid":{"rendered":"https:\/\/www.blackandyum.de\/shop\/produkt\/maracaturra-nicaragua\/"},"modified":"2026-04-28T12:47:33","modified_gmt":"2026-04-28T10:47:33","slug":"maragogype","status":"publish","type":"product","link":"\/shop\/produkt\/maragogype\/","title":{"rendered":"Nicaragua &#8222;Maragogype&#8220;"},"content":{"rendered":"<p><strong>Maragogype (Nicaragua):<\/strong> Der Maragogype z\u00e4hlt zu den besten Kaffeesorten des Landes. Die sortenreine Seltenheit, die aufgrund ihrer Gr\u00f6\u00dfe auch \u201eElefantenbohne\u201c genannt wird, ist von Natur aus koffein- und s\u00e4urearm. Die sanftm\u00fctige Spezialit\u00e4t bietet eine vollmundige und sehr harmonische Tasse. Im Geschmack finden sich Aromen, die an Schokolade und Mandeln erinnern. Im Abgang\/Nachklang wird dieser geschmackliche Eindruck von dezenten Fruchtaromen begleitet, die uns an Stein- und Zitrusfr\u00fcchte denken lassen. Seine gef\u00e4llige S\u00fc\u00dfe schmeichelt dem Gaumen. Der Nachklang unseres sehr aromatischen Maragogype ist wundervoll und anhaltend.<\/p>\n<p><strong>Ursprung: <\/strong>Nicaragua<br \/>\n<strong>Produzentin: <\/strong>Familie Albir &#8211; Cafetos de Segovia<br \/>\n<strong>Anbauh\u00f6he:<\/strong> 1.200 \u2013 1.600 M.\u00fc.NN<br \/>\n<strong>Variet\u00e4t:<\/strong> Maragogype<br \/>\n<strong>Bearbeitung:<\/strong> Handgepfl\u00fcckt; nasse Aufbereitung<br \/>\n<strong>Import:<\/strong> Transparent und fair \u00fcber Spezialit\u00e4tenkaffeeimporteur<em><strong><br \/>\n<\/strong><\/em><\/p>\n","protected":false},"excerpt":{"rendered":"<p><strong>Maragogype (Nicaragua):<\/strong> Der Maragogype z\u00e4hlt zu den besten Kaffeesorten des Landes. Die sortenreine Seltenheit, die aufgrund ihrer Gr\u00f6\u00dfe auch \u201eElefantenbohne\u201c genannt wird, ist von Natur aus koffein- und s\u00e4urearm. Die sanftm\u00fctige Spezialit\u00e4t bietet eine vollmundige und sehr harmonische Tasse. Im Geschmack finden sich Aromen, die an Schokolade und Mandeln erinnern. Im Abgang\/Nachklang wird dieser geschmackliche Eindruck von dezenten Fruchtaromen begleitet, die uns an Stein- und Zitrusfr\u00fcchte denken lassen. Seine gef\u00e4llige S\u00fc\u00dfe schmeichelt dem Gaumen. Der Nachklang unseres sehr aromatischen Maragogype ist wundervoll und anhaltend.<\/p>\n","protected":false},"featured_media":6503,"template":"","meta":{"_acf_changed":false},"product_brand":[],"product_cat":[372],"product_tag":[],"class_list":{"0":"post-11612","1":"product","2":"type-product","3":"status-publish","4":"has-post-thumbnail","6":"product_cat-black-and-yum-kaffee-auswahl","7":"product_shipping_class-roestkaffees","8":"pa_gewicht-1-000g","9":"pa_gewicht-250g","10":"pa_gewicht-500g","11":"pa_mahlgrad-chemex-karaffe","12":"pa_mahlgrad-filterkaffeemaschine","13":"pa_mahlgrad-french-press-bodum-kanne","14":"pa_mahlgrad-ganze-bohne","15":"pa_mahlgrad-handfilteraufguss","16":"pa_mahlgrad-karlsbader-kanne","17":"pa_mahlgrad-soft-brew-kanne","19":"first","20":"instock","21":"taxable","22":"shipping-taxable","23":"purchasable","24":"product-type-variable"},"acf":[],"_links":{"self":[{"href":"\/shop\/wp-json\/wp\/v2\/product\/11612","targetHints":{"allow":["GET"]}}],"collection":[{"href":"\/shop\/wp-json\/wp\/v2\/product"}],"about":[{"href":"\/shop\/wp-json\/wp\/v2\/types\/product"}],"wp:featuredmedia":[{"embeddable":true,"href":"\/shop\/wp-json\/wp\/v2\/media\/6503"}],"wp:attachment":[{"href":"\/shop\/wp-json\/wp\/v2\/media?parent=11612"}],"wp:term":[{"taxonomy":"product_brand","embeddable":true,"href":"\/shop\/wp-json\/wp\/v2\/product_brand?post=11612"},{"taxonomy":"product_cat","embeddable":true,"href":"\/shop\/wp-json\/wp\/v2\/product_cat?post=11612"},{"taxonomy":"product_tag","embeddable":true,"href":"\/shop\/wp-json\/wp\/v2\/product_tag?post=11612"}],"curies":[{"name":"wp","href":"https:\/\/api.w.org\/{rel}","templated":true}]}}