{"id":11752,"date":"2019-08-27T10:59:01","date_gmt":"2019-08-27T08:59:01","guid":{"rendered":"https:\/\/www.blackandyum.de\/shop\/produkt\/espresso-cafe-creme-lasuma\/"},"modified":"2026-04-02T12:08:53","modified_gmt":"2026-04-02T10:08:53","slug":"espresso-cafe-creme-lasuma","status":"publish","type":"product","link":"\/shop\/produkt\/espresso-cafe-creme-lasuma\/","title":{"rendered":"Espresso\/Caf\u00e9 Cr\u00e8me Lasuma"},"content":{"rendered":"<p><strong>Espresso\/Caf\u00e9 Cr\u00e8me \u201eLasuma\u201c:<\/strong>\u00a0feine Arabica-Bohnen aus Brasilien verschmelzen mit der Wucht und Ausnahme-Charakteristik eines der besten Sumatra-Arabicas zu einem sanftw\u00fcrzigen, vollmundigen Caf\u00e9 Cr\u00e8me. Mit seinem mandelig-schokoladigen Geschmacksfundament, begleitet von S\u00fc\u00dfkirsch-, Backpflaumen- und S\u00fc\u00dfholz-Aromen und untermalt von dezent holzig-erdigen Nuancen, bet\u00f6rt er den Gaumen. Ein au\u00dfergew\u00f6hnlicher, harmonisch runder Spitzenkaffee f\u00fcr den Liebhaber des Au\u00dfergew\u00f6hnlichen.<br \/>\nAus einem Cappuccino zubereitet mit hochwertiger, mind. 3,5 prozentiger Vollmilch, macht er ein markantes Vergn\u00fcgen mit sehr eigenst\u00e4ndigem, edelmildem Geschmacksprofil.<\/p>\n<p><strong>Auszeichnungen:<br \/>\nDRG GOLD-Medaillen Gewinner 2023 (Score 89,75)<\/strong><\/p>\n<p>Die handgepfl\u00fcckten Arabicas stammen aus:<br \/>\n<strong>Brasilien<\/strong>, Regionen Cerrado und Mogiana, Anbauh\u00f6he 900 &#8211; 2.000m<br \/>\n<strong>Indonesien<\/strong>, Region Lintong Nihuta auf der Insel Sumatra, Anbauh\u00f6he 1.400 &#8211; 1.700m<\/p>\n","protected":false},"excerpt":{"rendered":"<p><strong>Espresso \u201eLasuma\u201c:<\/strong>\u00a0feine Arabica-Bohnen aus Brasilien verschmelzen mit der Wucht und Ausnahme-Charakteristik eines der besten Sumatra-Arabicas zu einem sanftw\u00fcrzigen, vollmundigen Caf\u00e9 Cr\u00e8me. Mit seinem mandelig-schokoladigen Geschmacksfundament, begleitet von S\u00fc\u00dfkirsch-, Backpflaumen- und S\u00fc\u00dfholz-Aromen und untermalt von dezent holzig-erdigen Nuancen, bet\u00f6rt er den Gaumen. Ein au\u00dfergew\u00f6hnlicher, harmonisch runder Spitzenkaffee f\u00fcr den Liebhaber des Au\u00dfergew\u00f6hnlichen.<br \/>\nAus einem Cappuccino zubereitet mit hochwertiger, mind. 3,5 prozentiger Vollmilch, macht er ein markantes Vergn\u00fcgen mit sehr eigenst\u00e4ndigem, edelmildem Geschmacksprofil.<\/p>\n","protected":false},"featured_media":6696,"template":"","meta":{"_acf_changed":false},"product_brand":[],"product_cat":[374,376,375],"product_tag":[322,323,324],"class_list":{"0":"post-11752","1":"product","2":"type-product","3":"status-publish","4":"has-post-thumbnail","6":"product_cat-black-and-yum-cafe-creme-auswahl","7":"product_cat-black-and-yum-espresso-auswahl","8":"product_cat-fuer-den-vollautomat","9":"product_tag-cafe-creme","10":"product_tag-schuemli-kaffee","11":"product_tag-vollautomat","12":"product_shipping_class-roestkaffees","13":"pa_gewicht-1-000g","14":"pa_gewicht-250g","15":"pa_gewicht-500g","16":"pa_mahlgrad-ganze-bohne","17":"pa_mahlgrad-herdkocher-schraubkanne","18":"pa_mahlgrad-siebtraeger-fuer-einfache-guenstige-maschine","19":"pa_mahlgrad-siebtraeger-fuer-maschine-ab-600e","21":"first","22":"instock","23":"taxable","24":"shipping-taxable","25":"purchasable","26":"product-type-variable"},"acf":[],"_links":{"self":[{"href":"\/shop\/wp-json\/wp\/v2\/product\/11752","targetHints":{"allow":["GET"]}}],"collection":[{"href":"\/shop\/wp-json\/wp\/v2\/product"}],"about":[{"href":"\/shop\/wp-json\/wp\/v2\/types\/product"}],"wp:featuredmedia":[{"embeddable":true,"href":"\/shop\/wp-json\/wp\/v2\/media\/6696"}],"wp:attachment":[{"href":"\/shop\/wp-json\/wp\/v2\/media?parent=11752"}],"wp:term":[{"taxonomy":"product_brand","embeddable":true,"href":"\/shop\/wp-json\/wp\/v2\/product_brand?post=11752"},{"taxonomy":"product_cat","embeddable":true,"href":"\/shop\/wp-json\/wp\/v2\/product_cat?post=11752"},{"taxonomy":"product_tag","embeddable":true,"href":"\/shop\/wp-json\/wp\/v2\/product_tag?post=11752"}],"curies":[{"name":"wp","href":"https:\/\/api.w.org\/{rel}","templated":true}]}}