{"id":11758,"date":"2019-08-27T11:24:35","date_gmt":"2019-08-27T09:24:35","guid":{"rendered":"https:\/\/www.blackandyum.de\/shop\/produkt\/espresso-basso\/"},"modified":"2026-04-02T12:08:20","modified_gmt":"2026-04-02T10:08:20","slug":"espresso-basso","status":"publish","type":"product","link":"\/shop\/produkt\/espresso-basso\/","title":{"rendered":"Espresso\/Caf\u00e9 Cr\u00e8me Basso"},"content":{"rendered":"<p><strong>Espresso\/Caf\u00e9 Cr\u00e8me \u201eBasso\u201c:<\/strong> Blend aus 100 % hochwertigen Arabica-Bohnen aus drei Kontinenten und vier Anbaugebieten. Er ist eher etwas spritzig und pr\u00e4sentiert mehr Kopfnoten als ein klassischer, s\u00fcdl\u00e4ndischer Espresso. Ansonsten l\u00e4sst er sich als komplex, vollmundig, feinfruchtig, dezent floral mit Noten von Schokolade und Nuss sowie einer sch\u00f6nen S\u00fc\u00dfe umschreiben. Sehr gut auch f\u00fcr die Verwendung im Vollautomaten und der Zubereitung eines Caf\u00e9 Cr\u00e8me\/ Sch\u00fcmli Kaffees geeignet.<\/p>\n<p><strong>Auszeichnungen:<br \/>\nDRG GOLD-Medaillen Gewinner<\/strong><\/p>\n<p>Die handgepfl\u00fcckten Arabicas stammen aus:<br \/>\n<strong>Brasilien<\/strong>, Region Cerrado und Mogiana, Anbauh\u00f6he 900 &#8211; 2.000 M.A.S.L<br \/>\n<strong>Guatemala<\/strong>, Region Antigua (Sacatepeguez), Anbauh\u00f6he 1.400 &#8211; 1.800 M.A.S.L<br \/>\n<strong>Sumatra<\/strong>, Region Lintong Nihuta, Humbang Hasundutan, Anbauh\u00f6he 1.400 &#8211; 1.700 M.A.S.L<br \/>\n<strong>\u00c4thiopien<\/strong>, Region Sidamo, Anbauh\u00f6he 1.600 &#8211; 1.900 M.A.S.L<\/p>\n","protected":false},"excerpt":{"rendered":"<p><strong>Espresso\/Caf\u00e9 Cr\u00e8me \u201eBasso\u201c:<\/strong> Blend aus 100 % hochwertigen Arabica-Bohnen aus drei Kontinenten und vier Anbaugebieten. Er ist eher etwas spritzig und pr\u00e4sentiert mehr Kopfnoten als ein klassischer, s\u00fcdl\u00e4ndischer Espresso. Ansonsten l\u00e4sst er sich als komplex, vollmundig, feinfruchtig, dezent floral mit Noten von Schokolade und Nuss sowie einer sch\u00f6nen S\u00fc\u00dfe umschreiben. Sehr gut auch f\u00fcr die Verwendung im Vollautomaten und der Zubereitung eines Caf\u00e9 Cr\u00e8me\/ Sch\u00fcmli Kaffees geeignet.<\/p>\n","protected":false},"featured_media":6704,"template":"","meta":{"_acf_changed":false},"product_brand":[],"product_cat":[374,376,375],"product_tag":[322,323,324],"class_list":{"0":"post-11758","1":"product","2":"type-product","3":"status-publish","4":"has-post-thumbnail","6":"product_cat-black-and-yum-cafe-creme-auswahl","7":"product_cat-black-and-yum-espresso-auswahl","8":"product_cat-fuer-den-vollautomat","9":"product_tag-cafe-creme","10":"product_tag-schuemli-kaffee","11":"product_tag-vollautomat","12":"product_shipping_class-roestkaffees","13":"pa_gewicht-1-000g","14":"pa_gewicht-250g","15":"pa_gewicht-500g","16":"pa_mahlgrad-french-press-bodum-kanne","17":"pa_mahlgrad-ganze-bohne","18":"pa_mahlgrad-herdkocher-schraubkanne","19":"pa_mahlgrad-siebtraeger-fuer-einfache-guenstige-maschine","20":"pa_mahlgrad-siebtraeger-fuer-maschine-ab-600e","22":"first","23":"instock","24":"taxable","25":"shipping-taxable","26":"purchasable","27":"product-type-variable"},"acf":[],"_links":{"self":[{"href":"\/shop\/wp-json\/wp\/v2\/product\/11758","targetHints":{"allow":["GET"]}}],"collection":[{"href":"\/shop\/wp-json\/wp\/v2\/product"}],"about":[{"href":"\/shop\/wp-json\/wp\/v2\/types\/product"}],"wp:featuredmedia":[{"embeddable":true,"href":"\/shop\/wp-json\/wp\/v2\/media\/6704"}],"wp:attachment":[{"href":"\/shop\/wp-json\/wp\/v2\/media?parent=11758"}],"wp:term":[{"taxonomy":"product_brand","embeddable":true,"href":"\/shop\/wp-json\/wp\/v2\/product_brand?post=11758"},{"taxonomy":"product_cat","embeddable":true,"href":"\/shop\/wp-json\/wp\/v2\/product_cat?post=11758"},{"taxonomy":"product_tag","embeddable":true,"href":"\/shop\/wp-json\/wp\/v2\/product_tag?post=11758"}],"curies":[{"name":"wp","href":"https:\/\/api.w.org\/{rel}","templated":true}]}}