{"id":11768,"date":"2019-08-27T11:29:27","date_gmt":"2019-08-27T09:29:27","guid":{"rendered":"https:\/\/www.blackandyum.de\/shop\/produkt\/espresso-regal-noire\/"},"modified":"2026-04-02T12:07:37","modified_gmt":"2026-04-02T10:07:37","slug":"espresso-regal-noire","status":"publish","type":"product","link":"\/shop\/produkt\/espresso-regal-noire\/","title":{"rendered":"Espresso r\u00e9gal noire"},"content":{"rendered":"<p><strong>Espresso \u201er\u00e9gal noire\u201c:<\/strong> Espresso-Blend (Brasilien, Indien, Sumatra) mit einem 60%igen Robusta-Anteil. F\u00fcr alle Liebhaber italienischer Espresso-Tradition.\u00a0 Er bespielt den Gaumen sanftherb, intensiv mit dem s\u00fcdeurop\u00e4isch schlanken Profil. Vornehmlich wird der mittlere Zungenbereich von vorne nach hinten verw\u00f6hnt. Die Zungenau\u00dfenseiten werden nur streichelnd &#8222;ber\u00fchrt&#8220;. Die Aromen erinnern uns an Schokolade, Nougat und Karamell begleitet von einer haselnussigen sowie feinen holzig-erdige W\u00fcrze. Der anhaltende Nachklang bzw. Abgang ist geschmeidig und angenehm.<\/p>\n<p>Einen Cappuccino macht er zu einem schokoladen-nussigem Highlight.<\/p>\n<p><strong>Auszeichnungen:<br \/>\n2-facher DRG GOLD-Medaillen Gewinner<br \/>\n<\/strong><\/p>\n","protected":false},"excerpt":{"rendered":"<p><strong>Espresso \u201er\u00e9gal noire\u201c:<\/strong> Espresso-Blend (Brasilien, Indien, Sumatra) mit einem 60%igen Robusta-Anteil. F\u00fcr alle Liebhaber italienischer Espresso-Tradition.\u00a0 Er bespielt den Gaumen sanftherb, intensiv mit dem s\u00fcdeurop\u00e4isch schlanken Profil. Vornehmlich wird der mittlere Zungenbereich von vorne nach hinten verw\u00f6hnt. Die Zungenau\u00dfenseiten werden nur streichelnd &#8222;ber\u00fchrt&#8220;. Die Aromen erinnern uns an Schokolade, Nougat und Karamell begleitet von einer haselnussigen sowie feinen holzig-erdige W\u00fcrze. Der anhaltende Nachklang bzw. Abgang ist geschmeidig und angenehm.<\/p>\n<p>Einen Cappuccino macht er zu einem schokoladen-nussigem Highlight.<\/p>\n","protected":false},"featured_media":12057,"template":"","meta":{"_acf_changed":false},"product_brand":[],"product_cat":[374,376,375],"product_tag":[322,323,324],"class_list":{"0":"post-11768","1":"product","2":"type-product","3":"status-publish","4":"has-post-thumbnail","6":"product_cat-black-and-yum-cafe-creme-auswahl","7":"product_cat-black-and-yum-espresso-auswahl","8":"product_cat-fuer-den-vollautomat","9":"product_tag-cafe-creme","10":"product_tag-schuemli-kaffee","11":"product_tag-vollautomat","12":"product_shipping_class-roestkaffees","13":"pa_gewicht-1-000g","14":"pa_gewicht-250g","15":"pa_gewicht-500g","16":"pa_mahlgrad-ganze-bohne","17":"pa_mahlgrad-herdkocher-schraubkanne","18":"pa_mahlgrad-siebtraeger-fuer-einfache-guenstige-maschine","19":"pa_mahlgrad-siebtraeger-fuer-maschine-ab-600e","21":"first","22":"instock","23":"taxable","24":"shipping-taxable","25":"purchasable","26":"product-type-variable"},"acf":[],"_links":{"self":[{"href":"\/shop\/wp-json\/wp\/v2\/product\/11768","targetHints":{"allow":["GET"]}}],"collection":[{"href":"\/shop\/wp-json\/wp\/v2\/product"}],"about":[{"href":"\/shop\/wp-json\/wp\/v2\/types\/product"}],"wp:featuredmedia":[{"embeddable":true,"href":"\/shop\/wp-json\/wp\/v2\/media\/12057"}],"wp:attachment":[{"href":"\/shop\/wp-json\/wp\/v2\/media?parent=11768"}],"wp:term":[{"taxonomy":"product_brand","embeddable":true,"href":"\/shop\/wp-json\/wp\/v2\/product_brand?post=11768"},{"taxonomy":"product_cat","embeddable":true,"href":"\/shop\/wp-json\/wp\/v2\/product_cat?post=11768"},{"taxonomy":"product_tag","embeddable":true,"href":"\/shop\/wp-json\/wp\/v2\/product_tag?post=11768"}],"curies":[{"name":"wp","href":"https:\/\/api.w.org\/{rel}","templated":true}]}}