{"id":11785,"date":"2019-08-27T11:36:54","date_gmt":"2019-08-27T09:36:54","guid":{"rendered":"https:\/\/www.blackandyum.de\/shop\/produkt\/sanftes-herz-guatemala\/"},"modified":"2026-04-08T13:43:05","modified_gmt":"2026-04-08T11:43:05","slug":"sanftes-herz-guatemala","status":"publish","type":"product","link":"\/shop\/produkt\/sanftes-herz-guatemala\/","title":{"rendered":"Sanftes Herz (Entkoffeiniert)"},"content":{"rendered":"<p><strong>Sanftes Herz (chemiefrei entkoffeiniert)<\/strong>:<br \/>\nUnser chemiefrei und somit besonders schonend entkoffeinierter Kaffee kommt aus den H\u00f6henlagen Lateinamerikas*. Das sind je nach Verf\u00fcgbarkeit die L\u00e4nder Brasilien, Peru oder Kolumbien. Die Spezialit\u00e4t, in BLACK &amp; YUM Art ger\u00f6stet, ist immer angenehm harmonisch, mittelkr\u00e4ftig und vollmundig im Geschmack. Die sch\u00f6ne S\u00fc\u00dfe erg\u00e4nzt das attraktive Gesamtbild. Der Nachklang ist angenehm und anhaltend.<\/p>\n<p>Zusatzinfo: Wir verwenden ausschlie\u00dflich Rohkaffees, bei denen die <b>Entkoffeinierung chemiefrei <\/b>erfolgt ist.<\/p>\n<p>* Leider ist es uns im Moment nicht m\u00f6glich, wie in den vergangenen Jahren, entkoffeinierten Rohkaffee in den von uns ben\u00f6tigten Mengen aus einem von uns bevorzugten, festen Ursprung zu beziehen. Das liegt an der ung\u00fcnstigen Beschaffungsmarktsituation und der deutlich gestiegenen Nachfrage. Hinzu kommt noch die nicht unbegrenzten Leistungsf\u00e4higkeit des Entkoffeinier-Unternehmens.<\/p>\n","protected":false},"excerpt":{"rendered":"<p><strong>Sanftes Herz (chemiefrei entkoffeiniert)<\/strong>:<br \/>\nUnser chemiefrei und somit besonders schonend entkoffeinierter Kaffee kommt aus den H\u00f6henlagen Lateinamerikas*. Das sind je nach Verf\u00fcgbarkeit die L\u00e4nder Brasilien, Peru oder Kolumbien. Die Spezialit\u00e4t, in BLACK &amp; YUM Art ger\u00f6stet, ist immer angenehm harmonisch, mittelkr\u00e4ftig und vollmundig im Geschmack. Die sch\u00f6ne S\u00fc\u00dfe erg\u00e4nzt das attraktive Gesamtbild. Der Nachklang ist angenehm und anhaltend.<\/p>\n","protected":false},"featured_media":6738,"template":"","meta":{"_acf_changed":false},"product_brand":[],"product_cat":[372,375,325],"product_tag":[],"class_list":{"0":"post-11785","1":"product","2":"type-product","3":"status-publish","4":"has-post-thumbnail","6":"product_cat-black-and-yum-kaffee-auswahl","7":"product_cat-fuer-den-vollautomat","8":"product_cat-black-and-yum-entkoffeiniert","9":"product_shipping_class-roestkaffees","10":"pa_gewicht-1-000g","11":"pa_gewicht-250g","12":"pa_gewicht-500g","13":"pa_mahlgrad-chemex-karaffe","14":"pa_mahlgrad-filterkaffeemaschine","15":"pa_mahlgrad-french-press-bodum-kanne","16":"pa_mahlgrad-ganze-bohne","17":"pa_mahlgrad-handfilteraufguss","18":"pa_mahlgrad-herdkocher-schraubkanne","19":"pa_mahlgrad-karlsbader-kanne","20":"pa_mahlgrad-soft-brew-kanne","22":"first","23":"instock","24":"taxable","25":"shipping-taxable","26":"purchasable","27":"product-type-variable"},"acf":[],"_links":{"self":[{"href":"\/shop\/wp-json\/wp\/v2\/product\/11785","targetHints":{"allow":["GET"]}}],"collection":[{"href":"\/shop\/wp-json\/wp\/v2\/product"}],"about":[{"href":"\/shop\/wp-json\/wp\/v2\/types\/product"}],"wp:featuredmedia":[{"embeddable":true,"href":"\/shop\/wp-json\/wp\/v2\/media\/6738"}],"wp:attachment":[{"href":"\/shop\/wp-json\/wp\/v2\/media?parent=11785"}],"wp:term":[{"taxonomy":"product_brand","embeddable":true,"href":"\/shop\/wp-json\/wp\/v2\/product_brand?post=11785"},{"taxonomy":"product_cat","embeddable":true,"href":"\/shop\/wp-json\/wp\/v2\/product_cat?post=11785"},{"taxonomy":"product_tag","embeddable":true,"href":"\/shop\/wp-json\/wp\/v2\/product_tag?post=11785"}],"curies":[{"name":"wp","href":"https:\/\/api.w.org\/{rel}","templated":true}]}}