{"id":11815,"date":"2019-11-14T14:11:08","date_gmt":"2019-11-14T13:11:08","guid":{"rendered":"https:\/\/www.blackandyum.de\/shop\/produkt\/primadonna\/"},"modified":"2026-04-08T10:06:35","modified_gmt":"2026-04-08T08:06:35","slug":"espresso_primadonna","status":"publish","type":"product","link":"\/shop\/produkt\/espresso_primadonna\/","title":{"rendered":"Primadonna (JUWEL-Edition)"},"content":{"rendered":"<p><strong>Helle Espressor\u00f6stung \u201ePrimadonna\u201c: <\/strong><strong>Einmalig \u2013 Hochgenuss und Faszination wetteifern um die Gunst der Geschmacksknospen!<\/strong> Die Aromen dieses <span class=\"ILfuVd\"><span class=\"e24Kjd\">Grand Cru<\/span><\/span> Arabica-Espressos erinnern u.a. an Grapefruit, Maracuja, Vanille und S\u00fc\u00dfholz. Er ist eher spritzig, aber nicht sauer. Temperamentvoll und komplex entfaltet er auf der Zunge sein bemerkenswertes Aromenspiel. Seine S\u00fc\u00dfe tendiert zu der von Mango, Vanille und S\u00fc\u00dfholz. Er ist gut ausbalanciert und pr\u00e4sentiert sich am Gaumen mit einem seidig-cremigen Mundgef\u00fchl. Wundervoll auch als Lungo, Caffe Americano oder zubereitet mit der French Press-Kanne.<\/p>\n<p>Einen Cappuccino oder Flate White macht er zu einem unvergesslichen Geschmackserlebnis.<br \/>\nMit hochwertiger, fettreicher und gekonnt &#8222;aufgesch\u00e4umter&#8220; Milch entsteht eine faszinierende fruchtig-florale, s\u00fcsscremige Symbiose &#8211; absolut einzigartig.<\/p>\n<p><strong>Auszeichnungen: DRG GOLD-Medaille 2023 (Score 93,17 (herausragend))<br \/>\nUrsprung:<\/strong> Sumatra, Region Lintongnihuta (Toba See)<br \/>\n<strong>Anbauh\u00f6he:<\/strong> 1.400 &#8211; 1.550 M.\u00fc.NN<br \/>\n<strong>Variet\u00e4t:<\/strong> Sigararutang, Onang Ganjang, Katimor<br \/>\n<strong>Produzent:<\/strong> Dorfgemeinschaft (sog. Village Lot)<br \/>\n<strong>Bearbeitung:<\/strong> Handgepfl\u00fcckt; Triple picked, Giling Basah<br \/>\n<strong>Import:<\/strong> Nachhaltig \u00fcber Spezialit\u00e4tenkaffee-Importeur<\/p>\n","protected":false},"excerpt":{"rendered":"<p><strong>Helle Espressor\u00f6stung \u201ePrimadonna\u201c: <\/strong><strong>Einmalig \u2013 Hochgenuss und Faszination wetteifern um die Gunst der Geschmacksknospen!<\/strong> Die Aromen dieses <span class=\"ILfuVd\"><span class=\"e24Kjd\">Grand Cru<\/span><\/span> Arabica-Espressos erinnern u.a. an Grapefruit, Maracuja, Vanille und S\u00fc\u00dfholz. Er ist eher spritzig aber nicht sauer. Temperamentvoll und komplex entfaltet er auf der Zunge sein bemerkenswertes Aromenspiel. Seine S\u00fc\u00dfe tendiert zu der von Mango, Vanille und S\u00fc\u00dfholz. Er ist gut ausbalanciert und pr\u00e4sentiert sich am Gaumen mit einem seidig-cremigen Mundgef\u00fchl. Wundervoll auch als Lungo, Caffe Americano oder zubereitet mit der French Press-Kanne.<\/p>\n<p>Einen Cappuccino oder Flate White macht er zu einem unvergesslichen Geschmacks-Erlebnis.<br \/>\nMit hochwertiger, fettreicher und gekonnt &#8222;aufgesch\u00e4umter&#8220; Milch entsteht eine faszinierende fruchtig-florale, s\u00fcsscremige Symbiose &#8211; absolut einzigartig.<\/p>\n","protected":false},"featured_media":12071,"template":"","meta":{"_acf_changed":false},"product_brand":[],"product_cat":[374,376,375],"product_tag":[326,327,328,329],"class_list":{"0":"post-11815","1":"product","2":"type-product","3":"status-publish","4":"has-post-thumbnail","6":"product_cat-black-and-yum-cafe-creme-auswahl","7":"product_cat-black-and-yum-espresso-auswahl","8":"product_cat-fuer-den-vollautomat","9":"product_tag-black-and-yum-roestkaffee","10":"product_tag-espresso","11":"product_tag-helle-espressoroestung","12":"product_tag-prima-donna","13":"product_shipping_class-roestkaffees","14":"pa_gewicht-1-000g","15":"pa_gewicht-250g","16":"pa_gewicht-500g","17":"pa_mahlgrad-french-press-bodum-kanne","18":"pa_mahlgrad-ganze-bohne","19":"pa_mahlgrad-herdkocher-schraubkanne","20":"pa_mahlgrad-siebtraeger-fuer-einfache-guenstige-maschine","21":"pa_mahlgrad-siebtraeger-fuer-maschine-ab-600e","23":"first","24":"instock","25":"taxable","26":"shipping-taxable","27":"purchasable","28":"product-type-variable"},"acf":[],"_links":{"self":[{"href":"\/shop\/wp-json\/wp\/v2\/product\/11815","targetHints":{"allow":["GET"]}}],"collection":[{"href":"\/shop\/wp-json\/wp\/v2\/product"}],"about":[{"href":"\/shop\/wp-json\/wp\/v2\/types\/product"}],"wp:featuredmedia":[{"embeddable":true,"href":"\/shop\/wp-json\/wp\/v2\/media\/12071"}],"wp:attachment":[{"href":"\/shop\/wp-json\/wp\/v2\/media?parent=11815"}],"wp:term":[{"taxonomy":"product_brand","embeddable":true,"href":"\/shop\/wp-json\/wp\/v2\/product_brand?post=11815"},{"taxonomy":"product_cat","embeddable":true,"href":"\/shop\/wp-json\/wp\/v2\/product_cat?post=11815"},{"taxonomy":"product_tag","embeddable":true,"href":"\/shop\/wp-json\/wp\/v2\/product_tag?post=11815"}],"curies":[{"name":"wp","href":"https:\/\/api.w.org\/{rel}","templated":true}]}}