{"id":11874,"date":"2023-01-27T12:06:50","date_gmt":"2023-01-27T11:06:50","guid":{"rendered":"https:\/\/www.blackandyum.de\/shop\/produkt\/knock_box\/"},"modified":"2026-04-02T12:17:15","modified_gmt":"2026-04-02T10:17:15","slug":"knock_box","status":"publish","type":"product","link":"\/shop\/produkt\/knock_box\/","title":{"rendered":"Knock Box (Abschlagbeh\u00e4lter)"},"content":{"rendered":"<p><em><strong>Abschlagbeh\u00e4lter &#8211; perfekt f\u00fcr Heimanwender!<\/strong><\/em><\/p>\n<p>Einige der Eigenschaften der gro\u00dfartigen Rhino Coffee Gear Knock Box:<br \/>\n&#8211; gutes Fassungsverm\u00f6gen<br \/>\n&#8211; stilvolles Design<br \/>\n&#8211; leise Anwendung durch gummierte Oberfl\u00e4che des Abschlagb\u00fcgels<br \/>\n&#8211; leicht abnehmbarer und strapazierf\u00e4higer Abschlagb\u00fcgel<br \/>\n&#8211; Griffiger und somit rutschfester Gummiboden<br \/>\n&#8211; Sp\u00fclmaschinenfest (Abschlagb\u00fcgel vorher abnehmen)<br \/>\n&#8211; Ma\u00dfe: H\u00f6he 100mm, Durchmesser 110mm<\/p>\n","protected":false},"excerpt":{"rendered":"<p><em><strong>Abschlagbeh\u00e4lter &#8211; perfekt f\u00fcr Heimanwender!<\/strong><\/em><\/p>\n<p>Der Rhino Coffee Gear Abschlagbeh\u00e4lter ist perfekt f\u00fcr Heimanwender!<\/p>\n<p>Einige der Eigenschaften sind:<br \/>\n&#8211; gutes Fassungsverm\u00f6gen<br \/>\n&#8211; stilvolles Design<br \/>\n&#8211; leise Anwendung durch gummierte Oberfl\u00e4che des Abschlagb\u00fcgels<br \/>\n&#8211; leicht abnehmbarer und strapazierf\u00e4higer Abschlagb\u00fcgel<br \/>\n&#8211; Griffiger und somit rutschfester Gummiboden<br \/>\n&#8211; Sp\u00fclmaschinenfest (Gummib\u00fcgel abnehmen)<br \/>\n&#8211; Ma\u00dfe: H\u00f6he 100mm, Durchmesser 110mm<\/p>\n","protected":false},"featured_media":6873,"template":"","meta":{"_acf_changed":false},"product_brand":[],"product_cat":[348],"product_tag":[363,349,350,364,354],"class_list":{"0":"post-11874","1":"product","2":"type-product","3":"status-publish","4":"has-post-thumbnail","6":"product_cat-zubehoer","7":"product_tag-abschlagbehaelter","8":"product_tag-barista-zubehoer","9":"product_tag-kaffee-zubehoer","10":"product_tag-knock-box","11":"product_tag-rhino-gear","13":"first","14":"instock","15":"taxable","16":"shipping-taxable","17":"purchasable","18":"product-type-simple"},"acf":[],"_links":{"self":[{"href":"\/shop\/wp-json\/wp\/v2\/product\/11874","targetHints":{"allow":["GET"]}}],"collection":[{"href":"\/shop\/wp-json\/wp\/v2\/product"}],"about":[{"href":"\/shop\/wp-json\/wp\/v2\/types\/product"}],"wp:featuredmedia":[{"embeddable":true,"href":"\/shop\/wp-json\/wp\/v2\/media\/6873"}],"wp:attachment":[{"href":"\/shop\/wp-json\/wp\/v2\/media?parent=11874"}],"wp:term":[{"taxonomy":"product_brand","embeddable":true,"href":"\/shop\/wp-json\/wp\/v2\/product_brand?post=11874"},{"taxonomy":"product_cat","embeddable":true,"href":"\/shop\/wp-json\/wp\/v2\/product_cat?post=11874"},{"taxonomy":"product_tag","embeddable":true,"href":"\/shop\/wp-json\/wp\/v2\/product_tag?post=11874"}],"curies":[{"name":"wp","href":"https:\/\/api.w.org\/{rel}","templated":true}]}}