{"id":11891,"date":"2024-01-24T13:34:27","date_gmt":"2024-01-24T12:34:27","guid":{"rendered":"https:\/\/www.blackandyum.de\/shop\/produkt\/african-soul\/"},"modified":"2026-04-02T11:45:14","modified_gmt":"2026-04-02T09:45:14","slug":"african-soul","status":"publish","type":"product","link":"\/shop\/produkt\/african-soul\/","title":{"rendered":"African Soul (meets Latin Joy)"},"content":{"rendered":"<p>Mit diesem wundervollen Kaffee m\u00f6chten wir Euch in eine fruchtige und wahrlich verf\u00fchrerische Aromawelt entf\u00fchren. Daf\u00fcr haben wir zwei besondere Kaffees zu einem himmlischen Gesamtwerk geformt. Ein k\u00f6stlicher Kenia aus der Nyeri Region, der dem Kaffee seine &#8222;Seele&#8220; verleiht, verschmilzt mit einem Kaffeetraum aus Costa Rica zum ultimativen Gaumenspa\u00df. Der fruchtige, vollmundige Aromen-Cocktail wird eingerahmt von dezent schokoladenen sowie foralen Ankl\u00e4gen. In jeder Temperaturphase er\u00f6ffnen sich neue, geschmacklich faszinierende Eindr\u00fccke. Seine sch\u00f6ne S\u00fc\u00dfe \u00e4hnelt der von hellerem Honig. Der wohlige Nachklang ist mild und dennoch anhaltend.<\/p>\n<p><strong>Was ist drin?<\/strong><\/p>\n<p><strong>Kenia, Project Coffee: NKG Bloom<br \/>\n<\/strong>Kaffee-Variet\u00e4t: SL-28, SL-34 und Batian<br \/>\nAnbauh\u00f6he: 1.700 &#8211; 1.900 Meter \u00fc. d. M.<br \/>\nAnbaugebiet\/Region: Nyeri\/Kenia Mountain<br \/>\nAufbereitung: Gewaschen\/Nass<\/p>\n<p><strong>Costa Rica, Beneficio La Eva <\/strong>(Direktimport)<strong><br \/>\n<\/strong>Kaffee-Variet\u00e4t: Villa Sarchi<br \/>\nAnbauh\u00f6he: 1.400 \u2013 1.600 Meter \u00fc. d. M.<br \/>\nAnbaugebiet\/Region: Tarraz\u00fa<br \/>\nAufbereitung: Red Honey<\/p>\n<p>Beide Kaffees wurden individuelle und auf den Kaffee zugeschnitten f\u00fcr sich ger\u00f6stet. Anschlie\u00dfend wurden die ger\u00f6steten Kaffees, wie vorher entschieden, sorgf\u00e4ltig, grammgenau gemischt.<br \/>\n<strong>Wir empfehlen f\u00fcr die Zubereitung des Kaffees eine Wassertemperatur zwischen 93\u00b0 und 94 \u00b0C zu w\u00e4hlen. <\/strong>Aber experimentieren Sie auch gerne mal mit etwas mehr oder weniger Grad. Denn Geschm\u00e4cker und Vorlieben sind subjektiv bzw. individuell unterschiedlich. Grunds\u00e4tzlich erhalten Sie mit k\u00e4lterem Wasser leichtere und &#8222;spritzigere&#8220; Kaffees, was den Kopfnoten und S\u00e4uren zugutekommen kann. Mit hei\u00dferem Wasser betonen Sie tendenziell die schweren Noten wie Schokolade und R\u00f6staromen.<\/p>\n","protected":false},"excerpt":{"rendered":"<p>Mit diesem wundervollen Kaffee m\u00f6chten wir Euch in eine fruchtige und wahrlich verf\u00fchrerische Aromawelt entf\u00fchren. Daf\u00fcr haben wir zwei besondere Kaffees zu einem himmlischen Gesamtwerk geformt. Ein k\u00f6stlicher Kenia aus der Nyeri Region, der dem Kaffee seine &#8222;Seele&#8220; verleiht, verschmilzt mit einem Kaffeetraum aus Costa Rica zum ultimativen Gaumenspa\u00df. Der fruchtige, vollmundige Aromen-Cocktail wird eingerahmt von dezent schokoladenen sowie foralen Ankl\u00e4gen. In jeder Temperaturphase er\u00f6ffnen sich neue, geschmacklich faszinierende Eindr\u00fccke. Seine sch\u00f6ne S\u00fc\u00dfe \u00e4hnelt der von hellerem Honig. Der wohlige Nachklang ist mild und dennoch anhaltend.<\/p>\n","protected":false},"featured_media":12002,"template":"","meta":{"_acf_changed":false},"product_brand":[],"product_cat":[372],"product_tag":[311,313,314],"class_list":{"0":"post-11891","1":"product","2":"type-product","3":"status-publish","4":"has-post-thumbnail","6":"product_cat-black-and-yum-kaffee-auswahl","7":"product_tag-black-and-yum-kaffee","8":"product_tag-kaffeebohnen","9":"product_tag-kaffeeraritaet","10":"product_shipping_class-roestkaffees","11":"pa_gewicht-1-000g","12":"pa_gewicht-250g","13":"pa_gewicht-500g","14":"pa_mahlgrad-aeropress","15":"pa_mahlgrad-chemex-karaffe","16":"pa_mahlgrad-filterkaffeemaschine","17":"pa_mahlgrad-french-press-bodum-kanne","18":"pa_mahlgrad-ganze-bohne","19":"pa_mahlgrad-handfilteraufguss","20":"pa_mahlgrad-karlsbader-kanne","21":"pa_mahlgrad-soft-brew-kanne","23":"first","24":"instock","25":"featured","26":"taxable","27":"shipping-taxable","28":"purchasable","29":"product-type-variable"},"acf":[],"_links":{"self":[{"href":"\/shop\/wp-json\/wp\/v2\/product\/11891","targetHints":{"allow":["GET"]}}],"collection":[{"href":"\/shop\/wp-json\/wp\/v2\/product"}],"about":[{"href":"\/shop\/wp-json\/wp\/v2\/types\/product"}],"wp:featuredmedia":[{"embeddable":true,"href":"\/shop\/wp-json\/wp\/v2\/media\/12002"}],"wp:attachment":[{"href":"\/shop\/wp-json\/wp\/v2\/media?parent=11891"}],"wp:term":[{"taxonomy":"product_brand","embeddable":true,"href":"\/shop\/wp-json\/wp\/v2\/product_brand?post=11891"},{"taxonomy":"product_cat","embeddable":true,"href":"\/shop\/wp-json\/wp\/v2\/product_cat?post=11891"},{"taxonomy":"product_tag","embeddable":true,"href":"\/shop\/wp-json\/wp\/v2\/product_tag?post=11891"}],"curies":[{"name":"wp","href":"https:\/\/api.w.org\/{rel}","templated":true}]}}